{"id":3000,"date":"2020-11-27T15:48:50","date_gmt":"2020-11-27T15:48:50","guid":{"rendered":"https:\/\/trippydance.com\/?page_id=3000"},"modified":"2020-12-11T18:13:45","modified_gmt":"2020-12-11T18:13:45","slug":"politicas-de-devoluciones","status":"publish","type":"page","link":"https:\/\/trippydance.com\/?page_id=3000","title":{"rendered":"Pol\u00edticas de devoluciones"},"content":{"rendered":"\t\t<div data-elementor-type=\"wp-page\" data-elementor-id=\"3000\" class=\"elementor elementor-3000\" data-elementor-post-type=\"page\">\n\t\t\t\t\t\t<section class=\"elementor-section elementor-top-section elementor-element elementor-element-704a31f elementor-section-height-min-height elementor-section-content-middle elementor-section-boxed elementor-section-height-default elementor-section-items-middle\" data-id=\"704a31f\" data-element_type=\"section\" data-e-type=\"section\">\n\t\t\t\t\t\t<div class=\"elementor-container elementor-column-gap-default\">\n\t\t\t\t\t<div class=\"elementor-column elementor-col-100 elementor-top-column elementor-element elementor-element-21966af\" data-id=\"21966af\" data-element_type=\"column\" data-e-type=\"column\">\n\t\t\t<div class=\"elementor-widget-wrap elementor-element-populated\">\n\t\t\t\t\t\t<div class=\"elementor-element elementor-element-5eb2e81 elementor-widget elementor-widget-heading\" data-id=\"5eb2e81\" data-element_type=\"widget\" data-e-type=\"widget\" data-widget_type=\"heading.default\">\n\t\t\t\t<div class=\"elementor-widget-container\">\n\t\t\t\t\t<h2 class=\"elementor-heading-title elementor-size-default\">POL\u00cdTICA DE DEVOLUCIONES<\/h2>\t\t\t\t<\/div>\n\t\t\t\t<\/div>\n\t\t\t\t\t<\/div>\n\t\t<\/div>\n\t\t\t\t\t<\/div>\n\t\t<\/section>\n\t\t\t\t<section class=\"elementor-section elementor-top-section elementor-element elementor-element-7d9423e elementor-section-boxed elementor-section-height-default elementor-section-height-default\" data-id=\"7d9423e\" data-element_type=\"section\" data-e-type=\"section\">\n\t\t\t\t\t\t<div class=\"elementor-container elementor-column-gap-default\">\n\t\t\t\t\t<div class=\"elementor-column elementor-col-100 elementor-top-column elementor-element elementor-element-773866f\" data-id=\"773866f\" data-element_type=\"column\" data-e-type=\"column\">\n\t\t\t<div class=\"elementor-widget-wrap elementor-element-populated\">\n\t\t\t\t\t\t<div class=\"elementor-element elementor-element-2af5384 elementor-widget elementor-widget-text-editor\" data-id=\"2af5384\" data-element_type=\"widget\" data-e-type=\"widget\" data-widget_type=\"text-editor.default\">\n\t\t\t\t<div class=\"elementor-widget-container\">\n\t\t\t\t\t\t\t\t\t<p><span style=\"font-weight: 400;\">DEVOLUCIONES<\/span><\/p><p>\u00a0<\/p><p><span style=\"font-weight: 400;\">&#8212;-<\/span><\/p><p><span style=\"font-weight: 400;\">Nuestra pol\u00edtica indica que no hacemos cambios ni devoluciones en cualquiera de los productos publicados en nuestro sitio web.<\/span><\/p><p>\u00a0<\/p><p><span style=\"font-weight: 400;\">Si el producto llega defectuoso o con alg\u00fan da\u00f1o f\u00edsico puedes contactar al fabricante para hacer v\u00e1lida tu garant\u00eda.<\/span><\/p><p>\u00a0<\/p><p><span style=\"font-weight: 400;\">No nos hacemos responsables en dado caso que un producto llegue en malas condiciones por culpa de la paqueter\u00eda.<\/span><\/p><p>\u00a0<\/p><p><span style=\"font-weight: 400;\">Para dudas y aclaraciones escr\u00edbenos a Trippy<\/span><a href=\"mailto:comercializadora@corporativolibra.com\"><span style=\"font-weight: 400;\">@corporativolibra.com<\/span><\/a><span style=\"font-weight: 400;\"> o llamanos 81 1234 1090.<\/span><\/p><p><br \/><br \/><br \/><br \/><br \/><\/p>\t\t\t\t\t\t\t\t<\/div>\n\t\t\t\t<\/div>\n\t\t\t\t\t<\/div>\n\t\t<\/div>\n\t\t\t\t\t<\/div>\n\t\t<\/section>\n\t\t\t\t<\/div>\n\t\t","protected":false},"excerpt":{"rendered":"<p>POL\u00cdTICA DE DEVOLUCIONES DEVOLUCIONES \u00a0 &#8212;- Nuestra pol\u00edtica indica que no hacemos cambios ni devoluciones en cualquiera de los productos publicados en nuestro sitio web. \u00a0 Si el producto llega [&hellip;]<\/p>\n","protected":false},"author":3,"featured_media":0,"parent":0,"menu_order":0,"comment_status":"closed","ping_status":"closed","template":"","meta":{"_price":"","_stock":"","_tribe_ticket_header":"","_tribe_default_ticket_provider":"","_ticket_start_date":"","_ticket_end_date":"","_tribe_ticket_show_description":"","_tribe_ticket_show_not_going":false,"_tribe_ticket_use_global_stock":"","_tribe_ticket_global_stock_level":"","_global_stock_mode":"","_global_stock_cap":"","_tribe_rsvp_for_event":"","_tribe_ticket_going_count":"","_tribe_ticket_not_going_count":"","_tribe_tickets_list":"[]","_tribe_ticket_has_attendee_info_fields":false,"footnotes":"","_tec_slr_enabled":"","_tec_slr_layout":""},"class_list":["post-3000","page","type-page","status-publish","hentry"],"ticketed":false,"_links":{"self":[{"href":"https:\/\/trippydance.com\/index.php?rest_route=\/wp\/v2\/pages\/3000","targetHints":{"allow":["GET"]}}],"collection":[{"href":"https:\/\/trippydance.com\/index.php?rest_route=\/wp\/v2\/pages"}],"about":[{"href":"https:\/\/trippydance.com\/index.php?rest_route=\/wp\/v2\/types\/page"}],"author":[{"embeddable":true,"href":"https:\/\/trippydance.com\/index.php?rest_route=\/wp\/v2\/users\/3"}],"replies":[{"embeddable":true,"href":"https:\/\/trippydance.com\/index.php?rest_route=%2Fwp%2Fv2%2Fcomments&post=3000"}],"version-history":[{"count":0,"href":"https:\/\/trippydance.com\/index.php?rest_route=\/wp\/v2\/pages\/3000\/revisions"}],"wp:attachment":[{"href":"https:\/\/trippydance.com\/index.php?rest_route=%2Fwp%2Fv2%2Fmedia&parent=3000"}],"curies":[{"name":"wp","href":"https:\/\/api.w.org\/{rel}","templated":true}]}}